{"id":1121,"date":"2022-05-24T12:13:19","date_gmt":"2022-05-24T11:13:19","guid":{"rendered":"https:\/\/wiskunst.nl\/?page_id=1121"},"modified":"2022-10-17T13:38:59","modified_gmt":"2022-10-17T12:38:59","slug":"lazarus-klokje-intro","status":"publish","type":"page","link":"https:\/\/wiskunst.nl\/index.php\/programmeren1\/delphi-lazarus\/lazarus-klokje-intro\/","title":{"rendered":"Lazarus-Klokje-Intro"},"content":{"rendered":"<p><strong><span class=\"collapseomatic \" id=\"id69de2af9d1129\"  tabindex=\"0\" title=\"Afleveringen\"    >Afleveringen<\/span><div id=\"target-id69de2af9d1129\" class=\"collapseomatic_content \"><\/strong><\/p>\n<ul>\n<li><a href=\"https:\/\/wiskunst.nl\/index.php\/programmeren1\/delphi-lazarus\/lazarus-klokje-intro\/lazarus-klokje-start\/\">Start<\/a><\/li>\n<li><a href=\"https:\/\/wiskunst.nl\/index.php\/programmeren1\/delphi-lazarus\/lazarus-klokje-intro\/lazarus-klokje-zonder-form\/\">Zonder form<\/a><\/li>\n<li><a href=\"https:\/\/wiskunst.nl\/index.php\/programmeren1\/delphi-lazarus\/lazarus-klokje-intro\/lazarus-klokje-zichtbaarheid-en-pop\/\">Zichtbaarheid en pop<\/a><\/li>\n<li><a href=\"https:\/\/wiskunst.nl\/index.php\/programmeren1\/delphi-lazarus\/lazarus-klokje-intro\/lazarus-klokje-opmaak\/\">Opmaak<\/a><\/li>\n<li><a href=\"https:\/\/wiskunst.nl\/index.php\/programmeren1\/delphi-lazarus\/lazarus-klokje-intro\/lazarus-klokje-instellingen-bewaren\/\">Instellingen bewaren<\/a><\/li>\n<li><a href=\"https:\/\/wiskunst.nl\/index.php\/programmeren1\/delphi-lazarus\/lazarus-klokje-intro\/lazarus-klokje-analoog\/\">Analoog<\/a><\/li>\n<li><a href=\"https:\/\/wiskunst.nl\/index.php\/programmeren1\/delphi-lazarus\/lazarus-klokje-intro\/lazarus-klokje-analoog-opmaak\/\">Analoog opmaak<\/a><\/li>\n<li><a href=\"https:\/\/wiskunst.nl\/index.php\/programmeren1\/delphi-lazarus\/lazarus-klokje-intro\/lazarus-klokje-nieuwe-vensters\/\">Nieuwe vensters<\/a><\/li>\n<li><a href=\"https:\/\/wiskunst.nl\/index.php\/programmeren1\/delphi-lazarus\/lazarus-klokje-intro\/lazarus-klokje-alarm\/\">Alarm<\/a><\/li>\n<li><a href=\"https:\/\/wiskunst.nl\/index.php\/programmeren1\/delphi-lazarus\/lazarus-klokje-intro\/lazarus-klokje-finale\/\">Finale<\/a> <\/div><\/li>\n<\/ul>\n<h2>Lazarus is een ontwikkel-omgeving voor Windows en Linux.<\/h2>\n<p>Het is gebaseerd op de FPC (Free Pascal Compiler) en lijkt erg op Delphi. Het lijkt zelfs zo sterk op Delphi dat je in Lazarus ook in Delphi-mode kunt werken.<br \/>\nEn Lazarus is <em><strong>freeware<\/strong><\/em>!<\/p>\n<p>In deze serie artikelen neem ik u mee in de wondere wereld van het ontwikkelen van een pc-applicatie.<br \/>\nHierbij ga ik er vanuit dat u enige kennis en ervaring heeft met een grafische ontwikkel-omgeving en met (object-) Pascal.<br \/>\nWellicht is het nuttig als u uw kennis ophaalt over Pascal. Op deze site vindt u een prima introductie over Pascal: <i><a href=\"https:\/\/wiskunst.nl\/index.php\/programmeren1\/programmeren\/\">Programmeren met Pascal<\/a>.<\/i><br \/>\nOok is het handig wanneer u iets over Object Oriented Programming in Lazarus\/Delphi weet. Lees daarvoor: <a href=\"https:\/\/wiskunst.nl\/index.php\/programmeren1\/delphi-lazarus\/oeps\/\"><em>Oeps<\/em><\/a>.<\/p>\n<p>Om de belangrijkste aspecten van een applicatie de revue te laten passeren ga ik u meenemen in de ontwikkeling van een desktop klokje. Dit is bijvoorbeeld handig voor het tweede scherm waarin weliswaar een taakbalk kan staan, maar deze heeft dan geen klok.<\/p>\n<p>Ik maak de klok in de Windows-versie van Lazarus.<br \/>\nDe versie van Lazarus die ik gebruik is 1.6.4.<\/p>\n<p><img loading=\"lazy\" decoding=\"async\" class=\"alignnone wp-image-1578 size-full\" src=\"https:\/\/wiskunst.nl\/wp-content\/uploads\/2022\/10\/Lazarus-Nieuw.jpg\" alt=\"\" width=\"1273\" height=\"736\" srcset=\"https:\/\/wiskunst.nl\/wp-content\/uploads\/2022\/10\/Lazarus-Nieuw.jpg 1273w, https:\/\/wiskunst.nl\/wp-content\/uploads\/2022\/10\/Lazarus-Nieuw-300x173.jpg 300w, https:\/\/wiskunst.nl\/wp-content\/uploads\/2022\/10\/Lazarus-Nieuw-1024x592.jpg 1024w, https:\/\/wiskunst.nl\/wp-content\/uploads\/2022\/10\/Lazarus-Nieuw-768x444.jpg 768w, https:\/\/wiskunst.nl\/wp-content\/uploads\/2022\/10\/Lazarus-Nieuw-1200x694.jpg 1200w\" sizes=\"auto, (max-width: 1273px) 100vw, 1273px\" \/><\/p>\n<p>De klok krijgt de volgende mogelijkheden\/specificaties:<\/p>\n<ul style=\"list-style-type: circle;\">\n<li>Een digitale versie;\n<ul style=\"list-style-type: circle;\">\n<li>Font kan wijzigen;<\/li>\n<li>Voorgrondkleur kan wijzigen;<\/li>\n<li>Achtergrondkleur kan wijzigen;<\/li>\n<\/ul>\n<\/li>\n<li>Een analoge versie;\n<ul style=\"list-style-type: circle;\">\n<li>Grootte kan wijzigen;<\/li>\n<li>Kleuren van de wijzers kunnen wijzigen;<\/li>\n<li>Soort klok (&#8220;clockface&#8221;) kan wijzigen;<\/li>\n<\/ul>\n<\/li>\n<li>Een snelmenu (rechter muisknop);<\/li>\n<li>Doorzichtigheid kan wijzigen;<\/li>\n<li>Altijd zichtbaar (als keuze);<\/li>\n<li>Alarm instellen;<\/li>\n<li>Alarm laten afgaan met tekst en geluid;<\/li>\n<li>Een About-box;<\/li>\n<li>Sluiten van de klok;<\/li>\n<li>Opslaan van alle variabelen in een configuratie-bestand (vroeger ook wel ini-bestand genoemd);<\/li>\n<li>Openen met een &#8220;splash-screen&#8221;.<\/li>\n<\/ul>\n<p><img loading=\"lazy\" decoding=\"async\" class=\"alignnone wp-image-1579 size-full\" src=\"https:\/\/wiskunst.nl\/wp-content\/uploads\/2022\/10\/Klokje.jpg\" alt=\"\" width=\"1366\" height=\"738\" srcset=\"https:\/\/wiskunst.nl\/wp-content\/uploads\/2022\/10\/Klokje.jpg 1366w, https:\/\/wiskunst.nl\/wp-content\/uploads\/2022\/10\/Klokje-300x162.jpg 300w, https:\/\/wiskunst.nl\/wp-content\/uploads\/2022\/10\/Klokje-1024x553.jpg 1024w, https:\/\/wiskunst.nl\/wp-content\/uploads\/2022\/10\/Klokje-768x415.jpg 768w, https:\/\/wiskunst.nl\/wp-content\/uploads\/2022\/10\/Klokje-1200x648.jpg 1200w\" sizes=\"auto, (max-width: 1366px) 100vw, 1366px\" \/><\/p>\n<p>Verder moet de klok natuurlijk sleepbaar zijn, zoals met ieder ander venster.<\/p>\n<p><img loading=\"lazy\" decoding=\"async\" class=\"alignnone wp-image-1580 size-full\" src=\"https:\/\/wiskunst.nl\/wp-content\/uploads\/2022\/10\/Klokje-analoge-klok.jpg\" alt=\"\" width=\"1366\" height=\"738\" srcset=\"https:\/\/wiskunst.nl\/wp-content\/uploads\/2022\/10\/Klokje-analoge-klok.jpg 1366w, https:\/\/wiskunst.nl\/wp-content\/uploads\/2022\/10\/Klokje-analoge-klok-300x162.jpg 300w, https:\/\/wiskunst.nl\/wp-content\/uploads\/2022\/10\/Klokje-analoge-klok-1024x553.jpg 1024w, https:\/\/wiskunst.nl\/wp-content\/uploads\/2022\/10\/Klokje-analoge-klok-768x415.jpg 768w, https:\/\/wiskunst.nl\/wp-content\/uploads\/2022\/10\/Klokje-analoge-klok-1200x648.jpg 1200w\" sizes=\"auto, (max-width: 1366px) 100vw, 1366px\" \/><\/p>\n<p>We zullen bovenstaande specificaties \u00e9\u00e9n voor \u00e9\u00e9n gaan implementeren in verschillende artikelen, zodat het overzichtelijk blijft.<\/p>\n<p><a href=\"https:\/\/wiskunst.nl\/index.php\/programmeren1\/delphi-lazarus\/lazarus-klokje-intro\/lazarus-klokje-start\/\">Naar de eerste aflevering&#8230;<\/a><\/p>\n","protected":false},"excerpt":{"rendered":"<p>Lazarus is een ontwikkel-omgeving voor Windows en Linux. Het is gebaseerd op de FPC (Free Pascal Compiler) en lijkt erg op Delphi. Het lijkt zelfs zo sterk op Delphi dat je in Lazarus ook in Delphi-mode kunt werken. En Lazarus is freeware! In deze serie artikelen neem ik u mee in de wondere wereld van [&hellip;]<\/p>\n","protected":false},"author":1,"featured_media":0,"parent":309,"menu_order":0,"comment_status":"closed","ping_status":"closed","template":"templates\/template-full-width.php","meta":{"_lmt_disableupdate":"","_lmt_disable":"","footnotes":""},"class_list":["post-1121","page","type-page","status-publish","hentry"],"yoast_head":"<!-- This site is optimized with the Yoast SEO plugin v27.3 - https:\/\/yoast.com\/product\/yoast-seo-wordpress\/ -->\n<title>Lazarus-Klokje-Intro - Wiskunst<\/title>\n<meta name=\"robots\" content=\"index, follow, max-snippet:-1, max-image-preview:large, max-video-preview:-1\" \/>\n<link rel=\"canonical\" href=\"https:\/\/wiskunst.nl\/index.php\/programmeren1\/delphi-lazarus\/lazarus-klokje-intro\/\" \/>\n<meta property=\"og:locale\" content=\"nl_NL\" \/>\n<meta property=\"og:type\" content=\"article\" \/>\n<meta property=\"og:title\" content=\"Lazarus-Klokje-Intro - Wiskunst\" \/>\n<meta property=\"og:description\" content=\"Lazarus is een ontwikkel-omgeving voor Windows en Linux. Het is gebaseerd op de FPC (Free Pascal Compiler) en lijkt erg op Delphi. Het lijkt zelfs zo sterk op Delphi dat je in Lazarus ook in Delphi-mode kunt werken. En Lazarus is freeware! In deze serie artikelen neem ik u mee in de wondere wereld van [&hellip;]\" \/>\n<meta property=\"og:url\" content=\"https:\/\/wiskunst.nl\/index.php\/programmeren1\/delphi-lazarus\/lazarus-klokje-intro\/\" \/>\n<meta property=\"og:site_name\" content=\"Wiskunst\" \/>\n<meta property=\"article:modified_time\" content=\"2022-10-17T12:38:59+00:00\" \/>\n<meta property=\"og:image\" content=\"https:\/\/wiskunst.nl\/wp-content\/uploads\/2022\/10\/Lazarus-Nieuw.jpg\" \/>\n<meta name=\"twitter:card\" content=\"summary_large_image\" \/>\n<meta name=\"twitter:label1\" content=\"Geschatte leestijd\" \/>\n\t<meta name=\"twitter:data1\" content=\"3 minuten\" \/>\n<script type=\"application\/ld+json\" class=\"yoast-schema-graph\">{\"@context\":\"https:\\\/\\\/schema.org\",\"@graph\":[{\"@type\":\"WebPage\",\"@id\":\"https:\\\/\\\/wiskunst.nl\\\/index.php\\\/programmeren1\\\/delphi-lazarus\\\/lazarus-klokje-intro\\\/\",\"url\":\"https:\\\/\\\/wiskunst.nl\\\/index.php\\\/programmeren1\\\/delphi-lazarus\\\/lazarus-klokje-intro\\\/\",\"name\":\"Lazarus-Klokje-Intro - Wiskunst\",\"isPartOf\":{\"@id\":\"https:\\\/\\\/wiskunst.nl\\\/#website\"},\"primaryImageOfPage\":{\"@id\":\"https:\\\/\\\/wiskunst.nl\\\/index.php\\\/programmeren1\\\/delphi-lazarus\\\/lazarus-klokje-intro\\\/#primaryimage\"},\"image\":{\"@id\":\"https:\\\/\\\/wiskunst.nl\\\/index.php\\\/programmeren1\\\/delphi-lazarus\\\/lazarus-klokje-intro\\\/#primaryimage\"},\"thumbnailUrl\":\"https:\\\/\\\/wiskunst.nl\\\/wp-content\\\/uploads\\\/2022\\\/10\\\/Lazarus-Nieuw.jpg\",\"datePublished\":\"2022-05-24T11:13:19+00:00\",\"dateModified\":\"2022-10-17T12:38:59+00:00\",\"breadcrumb\":{\"@id\":\"https:\\\/\\\/wiskunst.nl\\\/index.php\\\/programmeren1\\\/delphi-lazarus\\\/lazarus-klokje-intro\\\/#breadcrumb\"},\"inLanguage\":\"nl-NL\",\"potentialAction\":[{\"@type\":\"ReadAction\",\"target\":[\"https:\\\/\\\/wiskunst.nl\\\/index.php\\\/programmeren1\\\/delphi-lazarus\\\/lazarus-klokje-intro\\\/\"]}]},{\"@type\":\"ImageObject\",\"inLanguage\":\"nl-NL\",\"@id\":\"https:\\\/\\\/wiskunst.nl\\\/index.php\\\/programmeren1\\\/delphi-lazarus\\\/lazarus-klokje-intro\\\/#primaryimage\",\"url\":\"https:\\\/\\\/wiskunst.nl\\\/wp-content\\\/uploads\\\/2022\\\/10\\\/Lazarus-Nieuw.jpg\",\"contentUrl\":\"https:\\\/\\\/wiskunst.nl\\\/wp-content\\\/uploads\\\/2022\\\/10\\\/Lazarus-Nieuw.jpg\",\"width\":1273,\"height\":736},{\"@type\":\"BreadcrumbList\",\"@id\":\"https:\\\/\\\/wiskunst.nl\\\/index.php\\\/programmeren1\\\/delphi-lazarus\\\/lazarus-klokje-intro\\\/#breadcrumb\",\"itemListElement\":[{\"@type\":\"ListItem\",\"position\":1,\"name\":\"Home\",\"item\":\"https:\\\/\\\/wiskunst.nl\\\/\"},{\"@type\":\"ListItem\",\"position\":2,\"name\":\"Programmeren\",\"item\":\"https:\\\/\\\/wiskunst.nl\\\/index.php\\\/programmeren1\\\/\"},{\"@type\":\"ListItem\",\"position\":3,\"name\":\"Delphi\\\/Lazarus\",\"item\":\"https:\\\/\\\/wiskunst.nl\\\/index.php\\\/programmeren1\\\/delphi-lazarus\\\/\"},{\"@type\":\"ListItem\",\"position\":4,\"name\":\"Lazarus-Klokje-Intro\"}]},{\"@type\":\"WebSite\",\"@id\":\"https:\\\/\\\/wiskunst.nl\\\/#website\",\"url\":\"https:\\\/\\\/wiskunst.nl\\\/\",\"name\":\"Wiskunst\",\"description\":\"2\u221e\u2227&gt;\",\"potentialAction\":[{\"@type\":\"SearchAction\",\"target\":{\"@type\":\"EntryPoint\",\"urlTemplate\":\"https:\\\/\\\/wiskunst.nl\\\/?s={search_term_string}\"},\"query-input\":{\"@type\":\"PropertyValueSpecification\",\"valueRequired\":true,\"valueName\":\"search_term_string\"}}],\"inLanguage\":\"nl-NL\"}]}<\/script>\n<!-- \/ Yoast SEO plugin. -->","yoast_head_json":{"title":"Lazarus-Klokje-Intro - Wiskunst","robots":{"index":"index","follow":"follow","max-snippet":"max-snippet:-1","max-image-preview":"max-image-preview:large","max-video-preview":"max-video-preview:-1"},"canonical":"https:\/\/wiskunst.nl\/index.php\/programmeren1\/delphi-lazarus\/lazarus-klokje-intro\/","og_locale":"nl_NL","og_type":"article","og_title":"Lazarus-Klokje-Intro - Wiskunst","og_description":"Lazarus is een ontwikkel-omgeving voor Windows en Linux. Het is gebaseerd op de FPC (Free Pascal Compiler) en lijkt erg op Delphi. Het lijkt zelfs zo sterk op Delphi dat je in Lazarus ook in Delphi-mode kunt werken. En Lazarus is freeware! In deze serie artikelen neem ik u mee in de wondere wereld van [&hellip;]","og_url":"https:\/\/wiskunst.nl\/index.php\/programmeren1\/delphi-lazarus\/lazarus-klokje-intro\/","og_site_name":"Wiskunst","article_modified_time":"2022-10-17T12:38:59+00:00","og_image":[{"url":"https:\/\/wiskunst.nl\/wp-content\/uploads\/2022\/10\/Lazarus-Nieuw.jpg","type":"","width":"","height":""}],"twitter_card":"summary_large_image","twitter_misc":{"Geschatte leestijd":"3 minuten"},"schema":{"@context":"https:\/\/schema.org","@graph":[{"@type":"WebPage","@id":"https:\/\/wiskunst.nl\/index.php\/programmeren1\/delphi-lazarus\/lazarus-klokje-intro\/","url":"https:\/\/wiskunst.nl\/index.php\/programmeren1\/delphi-lazarus\/lazarus-klokje-intro\/","name":"Lazarus-Klokje-Intro - Wiskunst","isPartOf":{"@id":"https:\/\/wiskunst.nl\/#website"},"primaryImageOfPage":{"@id":"https:\/\/wiskunst.nl\/index.php\/programmeren1\/delphi-lazarus\/lazarus-klokje-intro\/#primaryimage"},"image":{"@id":"https:\/\/wiskunst.nl\/index.php\/programmeren1\/delphi-lazarus\/lazarus-klokje-intro\/#primaryimage"},"thumbnailUrl":"https:\/\/wiskunst.nl\/wp-content\/uploads\/2022\/10\/Lazarus-Nieuw.jpg","datePublished":"2022-05-24T11:13:19+00:00","dateModified":"2022-10-17T12:38:59+00:00","breadcrumb":{"@id":"https:\/\/wiskunst.nl\/index.php\/programmeren1\/delphi-lazarus\/lazarus-klokje-intro\/#breadcrumb"},"inLanguage":"nl-NL","potentialAction":[{"@type":"ReadAction","target":["https:\/\/wiskunst.nl\/index.php\/programmeren1\/delphi-lazarus\/lazarus-klokje-intro\/"]}]},{"@type":"ImageObject","inLanguage":"nl-NL","@id":"https:\/\/wiskunst.nl\/index.php\/programmeren1\/delphi-lazarus\/lazarus-klokje-intro\/#primaryimage","url":"https:\/\/wiskunst.nl\/wp-content\/uploads\/2022\/10\/Lazarus-Nieuw.jpg","contentUrl":"https:\/\/wiskunst.nl\/wp-content\/uploads\/2022\/10\/Lazarus-Nieuw.jpg","width":1273,"height":736},{"@type":"BreadcrumbList","@id":"https:\/\/wiskunst.nl\/index.php\/programmeren1\/delphi-lazarus\/lazarus-klokje-intro\/#breadcrumb","itemListElement":[{"@type":"ListItem","position":1,"name":"Home","item":"https:\/\/wiskunst.nl\/"},{"@type":"ListItem","position":2,"name":"Programmeren","item":"https:\/\/wiskunst.nl\/index.php\/programmeren1\/"},{"@type":"ListItem","position":3,"name":"Delphi\/Lazarus","item":"https:\/\/wiskunst.nl\/index.php\/programmeren1\/delphi-lazarus\/"},{"@type":"ListItem","position":4,"name":"Lazarus-Klokje-Intro"}]},{"@type":"WebSite","@id":"https:\/\/wiskunst.nl\/#website","url":"https:\/\/wiskunst.nl\/","name":"Wiskunst","description":"2\u221e\u2227&gt;","potentialAction":[{"@type":"SearchAction","target":{"@type":"EntryPoint","urlTemplate":"https:\/\/wiskunst.nl\/?s={search_term_string}"},"query-input":{"@type":"PropertyValueSpecification","valueRequired":true,"valueName":"search_term_string"}}],"inLanguage":"nl-NL"}]}},"_links":{"self":[{"href":"https:\/\/wiskunst.nl\/index.php\/wp-json\/wp\/v2\/pages\/1121","targetHints":{"allow":["GET"]}}],"collection":[{"href":"https:\/\/wiskunst.nl\/index.php\/wp-json\/wp\/v2\/pages"}],"about":[{"href":"https:\/\/wiskunst.nl\/index.php\/wp-json\/wp\/v2\/types\/page"}],"author":[{"embeddable":true,"href":"https:\/\/wiskunst.nl\/index.php\/wp-json\/wp\/v2\/users\/1"}],"replies":[{"embeddable":true,"href":"https:\/\/wiskunst.nl\/index.php\/wp-json\/wp\/v2\/comments?post=1121"}],"version-history":[{"count":10,"href":"https:\/\/wiskunst.nl\/index.php\/wp-json\/wp\/v2\/pages\/1121\/revisions"}],"predecessor-version":[{"id":1581,"href":"https:\/\/wiskunst.nl\/index.php\/wp-json\/wp\/v2\/pages\/1121\/revisions\/1581"}],"up":[{"embeddable":true,"href":"https:\/\/wiskunst.nl\/index.php\/wp-json\/wp\/v2\/pages\/309"}],"wp:attachment":[{"href":"https:\/\/wiskunst.nl\/index.php\/wp-json\/wp\/v2\/media?parent=1121"}],"curies":[{"name":"wp","href":"https:\/\/api.w.org\/{rel}","templated":true}]}}