{"id":1722,"date":"2022-10-27T11:10:28","date_gmt":"2022-10-27T10:10:28","guid":{"rendered":"https:\/\/wiskunst.nl\/?page_id=1722"},"modified":"2026-03-24T16:42:45","modified_gmt":"2026-03-24T15:42:45","slug":"onmogelijk-gevangenen-probleem","status":"publish","type":"page","link":"https:\/\/wiskunst.nl\/index.php\/wiskunde-is-leuk\/nieuwe-artikelen\/artikel-00-0f\/onmogelijk-gevangenen-probleem\/","title":{"rendered":"Onmogelijk gevangenen probleem"},"content":{"rendered":"<p><strong><span class=\"collapseomatic \" id=\"id69de96b6ee084\"  tabindex=\"0\" title=\"Inhoud\"    >Inhoud<\/span><div id=\"target-id69de96b6ee084\" class=\"collapseomatic_content \"><\/strong><\/p>\n<ul>\n<li><a href=\"#inleiding\">Inleiding<\/a><\/li>\n<li><a href=\"#plan\">Het sadistische plan<\/a><\/li>\n<li><a href=\"#strategie\">Goede strategie<\/a><\/li>\n<li><a href=\"#limiet\">Limiet<\/a><\/li>\n<li><a href=\"#bron\">Bron<\/a> <\/div><\/li>\n<\/ul>\n<h3><a id=\"inleiding\"><\/a>Inleiding<\/h3>\n<p>Er was eens, ergens in een ver weg gelegen land, een gevangenis met een wrede directeur. De gevangenis was vol.<\/p>\n<p>Op een goede dag kreeg de directeur van hoger hand te horen dat hij ruimte moest maken in de gevangenis om 100 nieuwe gevangenen te plaatsen.<\/p>\n<p>Nu kon hij natuurlijk de 100 braafste gevangenen vrij laten maar dat wilde hij niet zonder slag of stoot.<br \/>\nDus bedacht hij een sadistische plan.<\/p>\n<h3><a id=\"plan\"><\/a>Het sadistische plan<\/h3>\n<ul>\n<li>Hij koos zorgvuldig 100 gevangenen;<\/li>\n<li>Alle 100 gevangenen kregen een nummer van 1 t\/m 100;<\/li>\n<\/ul>\n<p><img loading=\"lazy\" decoding=\"async\" class=\"alignnone wp-image-1723 size-full\" src=\"https:\/\/wiskunst.nl\/wp-content\/uploads\/2022\/10\/prisoner_01.jpg\" alt=\"honderd genummerde gevangenen\" width=\"601\" height=\"601\" srcset=\"https:\/\/wiskunst.nl\/wp-content\/uploads\/2022\/10\/prisoner_01.jpg 601w, https:\/\/wiskunst.nl\/wp-content\/uploads\/2022\/10\/prisoner_01-300x300.jpg 300w, https:\/\/wiskunst.nl\/wp-content\/uploads\/2022\/10\/prisoner_01-150x150.jpg 150w\" sizes=\"auto, (max-width: 601px) 100vw, 601px\" \/><\/p>\n<ul>\n<li>In een afgesloten ruimte stonden 100 dozen genummerd van 1 t\/m 100;<\/li>\n<\/ul>\n<p><img loading=\"lazy\" decoding=\"async\" class=\"alignnone wp-image-1724 size-full\" src=\"https:\/\/wiskunst.nl\/wp-content\/uploads\/2022\/10\/prisoner_02.jpg\" alt=\"honderd genummerde dozen\" width=\"601\" height=\"601\" srcset=\"https:\/\/wiskunst.nl\/wp-content\/uploads\/2022\/10\/prisoner_02.jpg 601w, https:\/\/wiskunst.nl\/wp-content\/uploads\/2022\/10\/prisoner_02-300x300.jpg 300w, https:\/\/wiskunst.nl\/wp-content\/uploads\/2022\/10\/prisoner_02-150x150.jpg 150w\" sizes=\"auto, (max-width: 601px) 100vw, 601px\" \/><\/p>\n<ul>\n<li>In iedere doos zat een kaartje met daarop een nummer van 1 t\/m 100. De kaartjes waren willekeurig in de dozen gestopt;<\/li>\n<li>Elke gevangene mag de afgesloten ruimte betreden en in maximaal 50 dozen kijken of er een kaartje met hun eigen nummer in zit;<\/li>\n<li>Daarna moeten zij de ruimte verlaten en precies zo achterlaten als dat het was;<\/li>\n<li>Ze mogen achteraf niet met elkaar praten (vooraf dus wel!).<\/li>\n<\/ul>\n<p>Als nu <strong>alle<\/strong> 100 gevangenen hun eigen nummer hadden gevonden zouden ze allemaal worden vrijgelaten.<br \/>\nHad echter \u00e9\u00e9n of meer gevangenen <strong>niet<\/strong> hun eigen nummer gevonden dat zouden ze allemaal worden ge\u00ebxecuteerd.<\/p>\n<p>Als alle gevangenen, zonder overleg vooraf, de ruimte betreden en op zoek gaan naar een doos waar hun nummer in zit, dan heeft iedere gevangene een kans van 1\/2 om zijn kaartje te vinden.<\/p>\n<p>Maar omdat <strong>alle<\/strong> 100 gevangenen hun kaartje moeten vinden is de totale kans: \u00bd<sup>100<\/sup>.<br \/>\nNu is 2<sup>100<\/sup> = 1.267.650.600.228.230.000.000.000.000.000 (\u00e9\u00e9n quintiljoen tweehonderdzevenenzestigduizend zeshonderdvijftig quadriljoen zeshonderd triljard tweehonderdachtentwintig triljoen tweehonderddertig biljard; zie ook <a href=\"https:\/\/wiskunst.nl\/index.php\/wiskunde-is-leuk\/nieuwe-artikelen\/nomenclatuur-getallen\/\">Nomenclatuur getallen<\/a>) en<br \/>\n\u00bd<sup>100<\/sup>\u00a0= 0,000000000000000000000000000000788860905221012.<br \/>\nIk ben geneigd te zeggen dat deze kans kleiner dan &#8220;nihil&#8221; is&#8230;<\/p>\n<p>Het ziet er slecht uit voor onze gevangenen.<\/p>\n<h3><a id=\"strategie\"><\/a>Goede strategie<\/h3>\n<p>Er is echter een strategie te bedenken waarbij de kans dat ze allemaal worden vrij gelaten zo&#8217;n 31% is!<\/p>\n<p>Ze mogen vooraf wel met elkaar overleggen en het is dan te hopen dat er minimaal \u00e9\u00e9n gevangene is met het volgende briljante idee:<\/p>\n<p>Iedere gevangene opent als eerste de doos met zijn nummer erop en kijkt naar het nummer op het kaartje.<br \/>\nAls dit nummer gelijk is aan zijn eigen nummer dan is hij klaar.<br \/>\nAls dit nummer een ander nummer is dan gaat hij naar de doos met het nummer dat op het kaartje staat en herhaalt hij deze procedure.<br \/>\nEn dit mag hij dus maximaal 50 keer herhalen.<\/p>\n<p>Stel: Gevangene nummer 46 gaat de kamer binnen en opent doos 46. In doos 46 zit een kaartje met het nummer 73.<br \/>\nHij gaat naar doos 73, opent deze en daar zit een kaartje met nummer 16 erin.<br \/>\nHij gaat naar doos nummer 16 en daar zit een kaartje met nummer 46 erin; Hoera!<\/p>\n<p>Er worden dus zogenaamde loops gecre\u00eberd:<\/p>\n<p><img loading=\"lazy\" decoding=\"async\" class=\"alignnone wp-image-1748 size-full\" src=\"https:\/\/wiskunst.nl\/wp-content\/uploads\/2022\/10\/prisoner_03.jpg\" alt=\"loop\" width=\"446\" height=\"325\" srcset=\"https:\/\/wiskunst.nl\/wp-content\/uploads\/2022\/10\/prisoner_03.jpg 446w, https:\/\/wiskunst.nl\/wp-content\/uploads\/2022\/10\/prisoner_03-300x219.jpg 300w\" sizes=\"auto, (max-width: 446px) 100vw, 446px\" \/><\/p>\n<p>En daar zit de kracht van deze strategie in.<\/p>\n<p>Zo&#8217;n loop kan een lengte hebben van 1 (de gevangene vindt meteen zijn kaartje) t\/m 100 (de gevangene heeft zijn kaartje niet gevonden).<\/p>\n<p>Door de willekeurige plaatsing van de kaartjes over de dozen zullen er ook loops van verschillende lengtes ontstaan.<\/p>\n<p>Wanneer een gevangene de eerste doos met zijn nummer erop opent dan zit die doos in de loop die uiteindelijk het nummer van de gevangene bevat.<\/p>\n<p>Dus de lengte van de loop is bepalend voor het succes van het vinden van het juiste getal. Als deze loop langer dan 50 is dan heeft de gevangene (en de rest) pech, anders hoera voor de gevangene.<\/p>\n<p>Als er een loop langer dan 50 is dan zullen er dus meer dan 50 gevangenen hun kaartje niet vinden.<\/p>\n<p>We moeten dus gaan kijken naar de kans dat er, bij het willekeurig verdelen van de nummers over de dozen, er geen loops langer dan 50 zijn.<\/p>\n<p>Welnu:<\/p>\n<p>Op hoeveel manieren kun je 100 getallen verdelen over 100 dozen?<br \/>\nHet antwoord is: 100!. Het uitroepteken staat voor faculteit en betekent niets anders dan het product van 1 t\/m 100 ofwel 1 \u00d7 2 \u00d7 3 \u00d7 &#8230; \u00d7 98 \u00d7 99 \u00d7 100, en dat is best een groot getal.<\/p>\n<p>Maar we hebben het hier over loops.<br \/>\nDus de loop 1 \u2192 2 \u2192 3 \u2192 &#8230; \u2192 100 \u2192 1 is hetzelfde als de loop 50 \u2192 51 \u2192 52 \u2192 &#8230; \u219249 \u2192 50, etc. Er zijn hier dus 100 variaties op hetzelfde thema.<br \/>\nHet aantal <strong>unieke<\/strong> loops met een lengte van 100 is nu dus 100! \/ 100.<\/p>\n<p>Wat is nu de kans dat een willekeurige rangschikking van 100 dozen een loop met een lengte van 100 zal bevatten?<\/p>\n<p>Een kans is gedefinieerd als &#8220;het aantal gewenste resultaten&#8221; \/ &#8220;het totaal aantal mogelijkheden&#8221; en schrijven we als P(k).<\/p>\n<p>Dus onze kans is: P(L=100) = (100!\/100) \/ 100! = 1\/100 = 0,01 = 1%.<\/p>\n<p>Evenzo geldt:<\/p>\n<p>P(L=99) = 1\/99<br \/>\nP(L=98) = 1\/98<br \/>\n&#8230;<br \/>\nP(L=51) = 1\/51<\/p>\n<p>Samen: P(L&gt;50) = 1\/100 + 1\/99 + 1\/98 + &#8230; + 1\/51 = 0,69.<\/p>\n<p>En omdat de totale kans niet groter dan 1 kan zijn geldt nu:<\/p>\n<p>P(L&lt;=50) = 1 &#8211; P(L&gt;50) = 1 &#8211; 0,69 = 0,31.<\/p>\n<p>Dus de hele groep van 100 gevangenen heeft een kans van 0,31, ofwel 31% om te slagen! En dat is heel wat meer dan de kans uit het begin van dit verhaal.<\/p>\n<h3><a id=\"limiet\"><\/a>Limiet<\/h3>\n<p>Wat is de kans voor een groep van 1000 gevangenen, onder verder dezelfde omstandigheden?<br \/>\nDus wat is P(L&lt;=500)? Dat is 1 &#8211; P(L&gt;500) = 0,307352.<\/p>\n<p>En P(L&lt;=1.000.000) = 0,306853<\/p>\n<p>Gaat dit naar een limiet? Ofwel hoe groot is P als L naar oneindig gaat?<\/p>\n<p>Laten we eens kijken naar de volgende grafiek:<\/p>\n<p><img loading=\"lazy\" decoding=\"async\" class=\"alignnone wp-image-1728 size-full\" src=\"https:\/\/wiskunst.nl\/wp-content\/uploads\/2022\/10\/prisoner_04.jpg\" alt=\"staafgrafiek met 50 balken\" width=\"640\" height=\"385\" srcset=\"https:\/\/wiskunst.nl\/wp-content\/uploads\/2022\/10\/prisoner_04.jpg 640w, https:\/\/wiskunst.nl\/wp-content\/uploads\/2022\/10\/prisoner_04-300x180.jpg 300w\" sizes=\"auto, (max-width: 640px) 100vw, 640px\" \/><\/p>\n<p>Dit is de grafiek van 1\/x met 50 \u2264 x \u2264 100 met een stapgrootte van 1. En deze grafiek &#8220;tendeert&#8221; naar de grafiek van 1\/x als je x met steeds kleinere stapjes van 50 naar 100 laat lopen:<\/p>\n<p><img loading=\"lazy\" decoding=\"async\" class=\"alignnone wp-image-1729 size-full\" src=\"https:\/\/wiskunst.nl\/wp-content\/uploads\/2022\/10\/prisoner_06.jpg\" alt=\"staafgrafiek met 500 balken en lijngrafiek van 1\/x\" width=\"640\" height=\"385\" srcset=\"https:\/\/wiskunst.nl\/wp-content\/uploads\/2022\/10\/prisoner_06.jpg 640w, https:\/\/wiskunst.nl\/wp-content\/uploads\/2022\/10\/prisoner_06-300x180.jpg 300w\" sizes=\"auto, (max-width: 640px) 100vw, 640px\" \/><\/p>\n<p>Als we kijken naar de oppervlakte onder de grafiek van 1\/x op het domein van &lt;0,5; 1] dan krijgen we P(L&gt;0,5):<\/p>\n<p><img loading=\"lazy\" decoding=\"async\" class=\"alignnone wp-image-1730 size-large\" src=\"https:\/\/wiskunst.nl\/wp-content\/uploads\/2022\/10\/prisoner_07-1024x596.jpg\" alt=\"integraal van 1\/x tussen 0,5 en 1\" width=\"580\" height=\"338\" srcset=\"https:\/\/wiskunst.nl\/wp-content\/uploads\/2022\/10\/prisoner_07-1024x596.jpg 1024w, https:\/\/wiskunst.nl\/wp-content\/uploads\/2022\/10\/prisoner_07-300x175.jpg 300w, https:\/\/wiskunst.nl\/wp-content\/uploads\/2022\/10\/prisoner_07-768x447.jpg 768w, https:\/\/wiskunst.nl\/wp-content\/uploads\/2022\/10\/prisoner_07-1536x894.jpg 1536w, https:\/\/wiskunst.nl\/wp-content\/uploads\/2022\/10\/prisoner_07-2048x1193.jpg 2048w, https:\/\/wiskunst.nl\/wp-content\/uploads\/2022\/10\/prisoner_07-1200x699.jpg 1200w, https:\/\/wiskunst.nl\/wp-content\/uploads\/2022\/10\/prisoner_07-1980x1153.jpg 1980w\" sizes=\"auto, (max-width: 580px) 100vw, 580px\" \/><\/p>\n<p>En dit is niets anders dan de bepaalde integraal:<\/p>\n<div class=\"wp-katex-eq katex-display\" data-display=\"true\">\\int_{0,5}^{1}\\frac{1}{x}=\\int_{0,5}^{1}ln(x)dx=\\left [ ln(x) \\right ]_{0,5}^{1}=ln(1)-ln(0,5)=ln(\\frac{1}{0,5})=ln(2)\\approx 0,6931<\/div>\n<p>Dus P(gewenst) = 1 &#8211; ln(2) \u2248 0,306852 en dus gaat P inderdaad naar een limiet wanneer L naar oneindig gaat.<\/p>\n<h5><a id=\"bron\"><\/a>Bron<\/h5>\n<p>Verreweg de beste bron: <a href=\"https:\/\/www.youtube.com\/watch?v=iSNsgj1OCLA&amp;ab_channel=Veritasium\" target=\"_blank\" rel=\"noopener\">https:\/\/www.youtube.com\/watch?v=iSNsgj1OCLA&amp;ab_channel=Veritasium<\/a><\/p>\n","protected":false},"excerpt":{"rendered":"<p>Inleiding Er was eens, ergens in een ver weg gelegen land, een gevangenis met een wrede directeur. De gevangenis was vol. Op een goede dag kreeg de directeur van hoger hand te horen dat hij ruimte moest maken in de gevangenis om 100 nieuwe gevangenen te plaatsen. Nu kon hij natuurlijk de 100 braafste gevangenen [&hellip;]<\/p>\n","protected":false},"author":1,"featured_media":0,"parent":2061,"menu_order":0,"comment_status":"closed","ping_status":"closed","template":"templates\/template-full-width.php","meta":{"_lmt_disableupdate":"no","_lmt_disable":"","footnotes":""},"class_list":["post-1722","page","type-page","status-publish","hentry"],"yoast_head":"<!-- This site is optimized with the Yoast SEO plugin v27.3 - https:\/\/yoast.com\/product\/yoast-seo-wordpress\/ -->\n<title>Onmogelijk gevangenen probleem - Wiskunst<\/title>\n<meta name=\"description\" content=\"Is het mogelijk voor 100 gevangenen om vrij te komen bij een spel met onmogelijke regels? Zo niet, dan wacht hun de galg...\" \/>\n<meta name=\"robots\" content=\"index, follow, max-snippet:-1, max-image-preview:large, max-video-preview:-1\" \/>\n<link rel=\"canonical\" href=\"https:\/\/wiskunst.nl\/index.php\/wiskunde-is-leuk\/nieuwe-artikelen\/artikel-00-0f\/onmogelijk-gevangenen-probleem\/\" \/>\n<meta property=\"og:locale\" content=\"nl_NL\" \/>\n<meta property=\"og:type\" content=\"article\" \/>\n<meta property=\"og:title\" content=\"Onmogelijk gevangenen probleem - Wiskunst\" \/>\n<meta property=\"og:description\" content=\"Is het mogelijk voor 100 gevangenen om vrij te komen bij een spel met onmogelijke regels? Zo niet, dan wacht hun de galg...\" \/>\n<meta property=\"og:url\" content=\"https:\/\/wiskunst.nl\/index.php\/wiskunde-is-leuk\/nieuwe-artikelen\/artikel-00-0f\/onmogelijk-gevangenen-probleem\/\" \/>\n<meta property=\"og:site_name\" content=\"Wiskunst\" \/>\n<meta property=\"article:modified_time\" content=\"2026-03-24T15:42:45+00:00\" \/>\n<meta property=\"og:image\" content=\"https:\/\/wiskunst.nl\/wp-content\/uploads\/2022\/10\/prisoner_01.jpg\" \/>\n\t<meta property=\"og:image:width\" content=\"601\" \/>\n\t<meta property=\"og:image:height\" content=\"601\" \/>\n\t<meta property=\"og:image:type\" content=\"image\/jpeg\" \/>\n<meta name=\"twitter:card\" content=\"summary_large_image\" \/>\n<meta name=\"twitter:label1\" content=\"Geschatte leestijd\" \/>\n\t<meta name=\"twitter:data1\" content=\"7 minuten\" \/>\n<script type=\"application\/ld+json\" class=\"yoast-schema-graph\">{\"@context\":\"https:\\\/\\\/schema.org\",\"@graph\":[{\"@type\":\"WebPage\",\"@id\":\"https:\\\/\\\/wiskunst.nl\\\/index.php\\\/wiskunde-is-leuk\\\/nieuwe-artikelen\\\/artikel-00-0f\\\/onmogelijk-gevangenen-probleem\\\/\",\"url\":\"https:\\\/\\\/wiskunst.nl\\\/index.php\\\/wiskunde-is-leuk\\\/nieuwe-artikelen\\\/artikel-00-0f\\\/onmogelijk-gevangenen-probleem\\\/\",\"name\":\"Onmogelijk gevangenen probleem - Wiskunst\",\"isPartOf\":{\"@id\":\"https:\\\/\\\/wiskunst.nl\\\/#website\"},\"primaryImageOfPage\":{\"@id\":\"https:\\\/\\\/wiskunst.nl\\\/index.php\\\/wiskunde-is-leuk\\\/nieuwe-artikelen\\\/artikel-00-0f\\\/onmogelijk-gevangenen-probleem\\\/#primaryimage\"},\"image\":{\"@id\":\"https:\\\/\\\/wiskunst.nl\\\/index.php\\\/wiskunde-is-leuk\\\/nieuwe-artikelen\\\/artikel-00-0f\\\/onmogelijk-gevangenen-probleem\\\/#primaryimage\"},\"thumbnailUrl\":\"https:\\\/\\\/wiskunst.nl\\\/wp-content\\\/uploads\\\/2022\\\/10\\\/prisoner_01.jpg\",\"datePublished\":\"2022-10-27T10:10:28+00:00\",\"dateModified\":\"2026-03-24T15:42:45+00:00\",\"description\":\"Is het mogelijk voor 100 gevangenen om vrij te komen bij een spel met onmogelijke regels? Zo niet, dan wacht hun de galg...\",\"breadcrumb\":{\"@id\":\"https:\\\/\\\/wiskunst.nl\\\/index.php\\\/wiskunde-is-leuk\\\/nieuwe-artikelen\\\/artikel-00-0f\\\/onmogelijk-gevangenen-probleem\\\/#breadcrumb\"},\"inLanguage\":\"nl-NL\",\"potentialAction\":[{\"@type\":\"ReadAction\",\"target\":[\"https:\\\/\\\/wiskunst.nl\\\/index.php\\\/wiskunde-is-leuk\\\/nieuwe-artikelen\\\/artikel-00-0f\\\/onmogelijk-gevangenen-probleem\\\/\"]}]},{\"@type\":\"ImageObject\",\"inLanguage\":\"nl-NL\",\"@id\":\"https:\\\/\\\/wiskunst.nl\\\/index.php\\\/wiskunde-is-leuk\\\/nieuwe-artikelen\\\/artikel-00-0f\\\/onmogelijk-gevangenen-probleem\\\/#primaryimage\",\"url\":\"https:\\\/\\\/wiskunst.nl\\\/wp-content\\\/uploads\\\/2022\\\/10\\\/prisoner_01.jpg\",\"contentUrl\":\"https:\\\/\\\/wiskunst.nl\\\/wp-content\\\/uploads\\\/2022\\\/10\\\/prisoner_01.jpg\",\"width\":601,\"height\":601},{\"@type\":\"BreadcrumbList\",\"@id\":\"https:\\\/\\\/wiskunst.nl\\\/index.php\\\/wiskunde-is-leuk\\\/nieuwe-artikelen\\\/artikel-00-0f\\\/onmogelijk-gevangenen-probleem\\\/#breadcrumb\",\"itemListElement\":[{\"@type\":\"ListItem\",\"position\":1,\"name\":\"Home\",\"item\":\"https:\\\/\\\/wiskunst.nl\\\/\"},{\"@type\":\"ListItem\",\"position\":2,\"name\":\"Wiskunde is leuk\",\"item\":\"https:\\\/\\\/wiskunst.nl\\\/index.php\\\/wiskunde-is-leuk\\\/\"},{\"@type\":\"ListItem\",\"position\":3,\"name\":\"Nieuwe artikelen\",\"item\":\"https:\\\/\\\/wiskunst.nl\\\/index.php\\\/wiskunde-is-leuk\\\/nieuwe-artikelen\\\/\"},{\"@type\":\"ListItem\",\"position\":4,\"name\":\"Artikel 00-0F\",\"item\":\"https:\\\/\\\/wiskunst.nl\\\/index.php\\\/wiskunde-is-leuk\\\/nieuwe-artikelen\\\/artikel-00-0f\\\/\"},{\"@type\":\"ListItem\",\"position\":5,\"name\":\"Onmogelijk gevangenen probleem\"}]},{\"@type\":\"WebSite\",\"@id\":\"https:\\\/\\\/wiskunst.nl\\\/#website\",\"url\":\"https:\\\/\\\/wiskunst.nl\\\/\",\"name\":\"Wiskunst\",\"description\":\"2\u221e\u2227&gt;\",\"potentialAction\":[{\"@type\":\"SearchAction\",\"target\":{\"@type\":\"EntryPoint\",\"urlTemplate\":\"https:\\\/\\\/wiskunst.nl\\\/?s={search_term_string}\"},\"query-input\":{\"@type\":\"PropertyValueSpecification\",\"valueRequired\":true,\"valueName\":\"search_term_string\"}}],\"inLanguage\":\"nl-NL\"}]}<\/script>\n<!-- \/ Yoast SEO plugin. -->","yoast_head_json":{"title":"Onmogelijk gevangenen probleem - Wiskunst","description":"Is het mogelijk voor 100 gevangenen om vrij te komen bij een spel met onmogelijke regels? Zo niet, dan wacht hun de galg...","robots":{"index":"index","follow":"follow","max-snippet":"max-snippet:-1","max-image-preview":"max-image-preview:large","max-video-preview":"max-video-preview:-1"},"canonical":"https:\/\/wiskunst.nl\/index.php\/wiskunde-is-leuk\/nieuwe-artikelen\/artikel-00-0f\/onmogelijk-gevangenen-probleem\/","og_locale":"nl_NL","og_type":"article","og_title":"Onmogelijk gevangenen probleem - Wiskunst","og_description":"Is het mogelijk voor 100 gevangenen om vrij te komen bij een spel met onmogelijke regels? Zo niet, dan wacht hun de galg...","og_url":"https:\/\/wiskunst.nl\/index.php\/wiskunde-is-leuk\/nieuwe-artikelen\/artikel-00-0f\/onmogelijk-gevangenen-probleem\/","og_site_name":"Wiskunst","article_modified_time":"2026-03-24T15:42:45+00:00","og_image":[{"width":601,"height":601,"url":"https:\/\/wiskunst.nl\/wp-content\/uploads\/2022\/10\/prisoner_01.jpg","type":"image\/jpeg"}],"twitter_card":"summary_large_image","twitter_misc":{"Geschatte leestijd":"7 minuten"},"schema":{"@context":"https:\/\/schema.org","@graph":[{"@type":"WebPage","@id":"https:\/\/wiskunst.nl\/index.php\/wiskunde-is-leuk\/nieuwe-artikelen\/artikel-00-0f\/onmogelijk-gevangenen-probleem\/","url":"https:\/\/wiskunst.nl\/index.php\/wiskunde-is-leuk\/nieuwe-artikelen\/artikel-00-0f\/onmogelijk-gevangenen-probleem\/","name":"Onmogelijk gevangenen probleem - Wiskunst","isPartOf":{"@id":"https:\/\/wiskunst.nl\/#website"},"primaryImageOfPage":{"@id":"https:\/\/wiskunst.nl\/index.php\/wiskunde-is-leuk\/nieuwe-artikelen\/artikel-00-0f\/onmogelijk-gevangenen-probleem\/#primaryimage"},"image":{"@id":"https:\/\/wiskunst.nl\/index.php\/wiskunde-is-leuk\/nieuwe-artikelen\/artikel-00-0f\/onmogelijk-gevangenen-probleem\/#primaryimage"},"thumbnailUrl":"https:\/\/wiskunst.nl\/wp-content\/uploads\/2022\/10\/prisoner_01.jpg","datePublished":"2022-10-27T10:10:28+00:00","dateModified":"2026-03-24T15:42:45+00:00","description":"Is het mogelijk voor 100 gevangenen om vrij te komen bij een spel met onmogelijke regels? Zo niet, dan wacht hun de galg...","breadcrumb":{"@id":"https:\/\/wiskunst.nl\/index.php\/wiskunde-is-leuk\/nieuwe-artikelen\/artikel-00-0f\/onmogelijk-gevangenen-probleem\/#breadcrumb"},"inLanguage":"nl-NL","potentialAction":[{"@type":"ReadAction","target":["https:\/\/wiskunst.nl\/index.php\/wiskunde-is-leuk\/nieuwe-artikelen\/artikel-00-0f\/onmogelijk-gevangenen-probleem\/"]}]},{"@type":"ImageObject","inLanguage":"nl-NL","@id":"https:\/\/wiskunst.nl\/index.php\/wiskunde-is-leuk\/nieuwe-artikelen\/artikel-00-0f\/onmogelijk-gevangenen-probleem\/#primaryimage","url":"https:\/\/wiskunst.nl\/wp-content\/uploads\/2022\/10\/prisoner_01.jpg","contentUrl":"https:\/\/wiskunst.nl\/wp-content\/uploads\/2022\/10\/prisoner_01.jpg","width":601,"height":601},{"@type":"BreadcrumbList","@id":"https:\/\/wiskunst.nl\/index.php\/wiskunde-is-leuk\/nieuwe-artikelen\/artikel-00-0f\/onmogelijk-gevangenen-probleem\/#breadcrumb","itemListElement":[{"@type":"ListItem","position":1,"name":"Home","item":"https:\/\/wiskunst.nl\/"},{"@type":"ListItem","position":2,"name":"Wiskunde is leuk","item":"https:\/\/wiskunst.nl\/index.php\/wiskunde-is-leuk\/"},{"@type":"ListItem","position":3,"name":"Nieuwe artikelen","item":"https:\/\/wiskunst.nl\/index.php\/wiskunde-is-leuk\/nieuwe-artikelen\/"},{"@type":"ListItem","position":4,"name":"Artikel 00-0F","item":"https:\/\/wiskunst.nl\/index.php\/wiskunde-is-leuk\/nieuwe-artikelen\/artikel-00-0f\/"},{"@type":"ListItem","position":5,"name":"Onmogelijk gevangenen probleem"}]},{"@type":"WebSite","@id":"https:\/\/wiskunst.nl\/#website","url":"https:\/\/wiskunst.nl\/","name":"Wiskunst","description":"2\u221e\u2227&gt;","potentialAction":[{"@type":"SearchAction","target":{"@type":"EntryPoint","urlTemplate":"https:\/\/wiskunst.nl\/?s={search_term_string}"},"query-input":{"@type":"PropertyValueSpecification","valueRequired":true,"valueName":"search_term_string"}}],"inLanguage":"nl-NL"}]}},"_links":{"self":[{"href":"https:\/\/wiskunst.nl\/index.php\/wp-json\/wp\/v2\/pages\/1722","targetHints":{"allow":["GET"]}}],"collection":[{"href":"https:\/\/wiskunst.nl\/index.php\/wp-json\/wp\/v2\/pages"}],"about":[{"href":"https:\/\/wiskunst.nl\/index.php\/wp-json\/wp\/v2\/types\/page"}],"author":[{"embeddable":true,"href":"https:\/\/wiskunst.nl\/index.php\/wp-json\/wp\/v2\/users\/1"}],"replies":[{"embeddable":true,"href":"https:\/\/wiskunst.nl\/index.php\/wp-json\/wp\/v2\/comments?post=1722"}],"version-history":[{"count":20,"href":"https:\/\/wiskunst.nl\/index.php\/wp-json\/wp\/v2\/pages\/1722\/revisions"}],"predecessor-version":[{"id":2581,"href":"https:\/\/wiskunst.nl\/index.php\/wp-json\/wp\/v2\/pages\/1722\/revisions\/2581"}],"up":[{"embeddable":true,"href":"https:\/\/wiskunst.nl\/index.php\/wp-json\/wp\/v2\/pages\/2061"}],"wp:attachment":[{"href":"https:\/\/wiskunst.nl\/index.php\/wp-json\/wp\/v2\/media?parent=1722"}],"curies":[{"name":"wp","href":"https:\/\/api.w.org\/{rel}","templated":true}]}}